{"id":399,"date":"2022-11-04T15:24:42","date_gmt":"2022-11-04T20:24:42","guid":{"rendered":"http:\/\/dieguez-insurance.one.zysites.com\/tips\/"},"modified":"2022-11-08T11:55:50","modified_gmt":"2022-11-08T17:55:50","slug":"tips","status":"publish","type":"page","link":"https:\/\/www.dieguezinsurance.com\/es\/tips\/","title":{"rendered":"Consejos de seguros"},"content":{"rendered":"<h2>AQU\u00cd HAY ALGUNOS CONSEJOS \u00daTILES SOBRE SEGUROS:<\/h2>\n<ul>\n<li>Disponga de un recept\u00e1culo a prueba de agua\/ign\u00edfugo para documentos y documentos valiosos<\/li>\n<li>Tome fotos de sus objetos de valor y haga un inventario de ellos<\/li>\n<li>Tenga a mano aval\u00faos actualizados para todas las bellas artes y joyas<\/li>\n<li>Mantenga los pasillos y pasillos libres de escombros<\/li>\n<li>Revise las bater\u00edas de los detectores de humo cuando cambie sus relojes para el horario de verano<\/li>\n<li>Mantenga los \u00e1rboles podados en la l\u00ednea del techo y mantenga las canaletas despejadas<\/li>\n<li>No salgas de casa con la secadora encendida<\/li>\n<li>Mantenga la pantalla de la secadora limpia y las ventilaciones limpias<\/li>\n<li>No salgas de una habitaci\u00f3n con una vela encendida<\/li>\n<li>Las alfombras son un peligro para las personas mayores<\/li>\n<\/ul>\n","protected":false},"excerpt":{"rendered":"<p>AQU\u00cd HAY ALGUNOS CONSEJOS \u00daTILES SOBRE SEGUROS: Disponga de un recept\u00e1culo a prueba de agua\/ign\u00edfugo para documentos y documentos valiosos [&hellip;]<\/p>\n","protected":false},"author":9,"featured_media":0,"parent":0,"menu_order":0,"comment_status":"closed","ping_status":"closed","template":"","meta":{"_acf_changed":false,"_seopress_robots_primary_cat":"0","_seopress_titles_title":"","_seopress_titles_desc":"","_seopress_robots_index":"","_analytify_skip_tracking":false,"footnotes":""},"class_list":["post-399","page","type-page","status-publish","hentry"],"acf":[],"_links":{"self":[{"href":"https:\/\/www.dieguezinsurance.com\/es\/wp-json\/wp\/v2\/pages\/399","targetHints":{"allow":["GET"]}}],"collection":[{"href":"https:\/\/www.dieguezinsurance.com\/es\/wp-json\/wp\/v2\/pages"}],"about":[{"href":"https:\/\/www.dieguezinsurance.com\/es\/wp-json\/wp\/v2\/types\/page"}],"author":[{"embeddable":true,"href":"https:\/\/www.dieguezinsurance.com\/es\/wp-json\/wp\/v2\/users\/9"}],"replies":[{"embeddable":true,"href":"https:\/\/www.dieguezinsurance.com\/es\/wp-json\/wp\/v2\/comments?post=399"}],"version-history":[{"count":0,"href":"https:\/\/www.dieguezinsurance.com\/es\/wp-json\/wp\/v2\/pages\/399\/revisions"}],"wp:attachment":[{"href":"https:\/\/www.dieguezinsurance.com\/es\/wp-json\/wp\/v2\/media?parent=399"}],"curies":[{"name":"wp","href":"https:\/\/api.w.org\/{rel}","templated":true}]}}